{"id":302,"date":"2021-02-22T21:23:03","date_gmt":"2021-02-22T18:23:03","guid":{"rendered":"http:\/\/shoplinila.com\/?page_id=302"},"modified":"2021-02-22T21:23:04","modified_gmt":"2021-02-22T18:23:04","slug":"apie-mus","status":"publish","type":"page","link":"https:\/\/shoplinila.com\/?page_id=302","title":{"rendered":"Apie mus"},"content":{"rendered":"\n<figure class=\"wp-block-pullquote\"><blockquote class=\"has-text-color has-black-color\"><p>\u201eLinila\u201c prek\u0117s \u017eenklas buvo atidarytas 2011 m. Mes parduodame gamintoj\u0173 ir platintoj\u0173 i\u0161 Italijos, Pranc\u016bzijos, Lietuvos produktus. Kai kurie produktai gaminami gamyklose Italijoje su \u201eLinila\u201c prek\u0117s \u017eenklu.                                                     <\/p><\/blockquote><\/figure>\n\n\n\n<figure class=\"wp-block-pullquote\"><blockquote class=\"has-text-color has-black-color\"><p>The Linila brand was opened in 2011. We sell products from manufacturers and distributors from Italy, France, Lithuania. Some of the products are produced in factories in Italy under the Linila brand.<\/p><\/blockquote><\/figure>\n","protected":false},"excerpt":{"rendered":"<p>\u201eLinila\u201c prek\u0117s \u017eenklas buvo atidarytas 2011 m. Mes parduodame gamintoj\u0173 ir platintoj\u0173 i\u0161 Italijos, Pranc\u016bzijos, Lietuvos produktus. Kai kurie produktai gaminami gamyklose Italijoje su \u201eLinila\u201c prek\u0117s \u017eenklu. The Linila brand was opened in 2011. We sell products from manufacturers and distributors from Italy, France, Lithuania. Some of the products are produced in factories in Italy [&hellip;]<\/p>\n","protected":false},"author":1,"featured_media":0,"parent":0,"menu_order":0,"comment_status":"closed","ping_status":"closed","template":"","meta":{"footnotes":""},"class_list":["post-302","page","type-page","status-publish","hentry"],"yoast_head":"<!-- This site is optimized with the Yoast SEO plugin v27.5 - https:\/\/yoast.com\/product\/yoast-seo-wordpress\/ -->\n<title>Apie mus - SHOPLINILA<\/title>\n<meta name=\"robots\" content=\"index, follow, max-snippet:-1, max-image-preview:large, max-video-preview:-1\" \/>\n<link rel=\"canonical\" href=\"https:\/\/shoplinila.com\/?page_id=302\" \/>\n<meta property=\"og:locale\" content=\"lt_LT\" \/>\n<meta property=\"og:type\" content=\"article\" \/>\n<meta property=\"og:title\" content=\"Apie mus - SHOPLINILA\" \/>\n<meta property=\"og:description\" content=\"\u201eLinila\u201c prek\u0117s \u017eenklas buvo atidarytas 2011 m. Mes parduodame gamintoj\u0173 ir platintoj\u0173 i\u0161 Italijos, Pranc\u016bzijos, Lietuvos produktus. Kai kurie produktai gaminami gamyklose Italijoje su \u201eLinila\u201c prek\u0117s \u017eenklu. The Linila brand was opened in 2011. We sell products from manufacturers and distributors from Italy, France, Lithuania. Some of the products are produced in factories in Italy [&hellip;]\" \/>\n<meta property=\"og:url\" content=\"https:\/\/shoplinila.com\/?page_id=302\" \/>\n<meta property=\"og:site_name\" content=\"SHOPLINILA\" \/>\n<meta property=\"article:modified_time\" content=\"2021-02-22T18:23:04+00:00\" \/>\n<meta name=\"twitter:card\" content=\"summary_large_image\" \/>\n<meta name=\"twitter:label1\" content=\"Est. reading time\" \/>\n\t<meta name=\"twitter:data1\" content=\"1 minut\u0117\" \/>\n<script type=\"application\/ld+json\" class=\"yoast-schema-graph\">{\"@context\":\"https:\\\/\\\/schema.org\",\"@graph\":[{\"@type\":\"WebPage\",\"@id\":\"https:\\\/\\\/shoplinila.com\\\/?page_id=302\",\"url\":\"https:\\\/\\\/shoplinila.com\\\/?page_id=302\",\"name\":\"Apie mus - SHOPLINILA\",\"isPartOf\":{\"@id\":\"https:\\\/\\\/shoplinila.com\\\/#website\"},\"datePublished\":\"2021-02-22T18:23:03+00:00\",\"dateModified\":\"2021-02-22T18:23:04+00:00\",\"breadcrumb\":{\"@id\":\"https:\\\/\\\/shoplinila.com\\\/?page_id=302#breadcrumb\"},\"inLanguage\":\"lt-LT\",\"potentialAction\":[{\"@type\":\"ReadAction\",\"target\":[\"https:\\\/\\\/shoplinila.com\\\/?page_id=302\"]}]},{\"@type\":\"BreadcrumbList\",\"@id\":\"https:\\\/\\\/shoplinila.com\\\/?page_id=302#breadcrumb\",\"itemListElement\":[{\"@type\":\"ListItem\",\"position\":1,\"name\":\"\u0413\u043b\u0430\u0432\u043d\u0430\u044f \u0441\u0442\u0440\u0430\u043d\u0438\u0446\u0430\",\"item\":\"https:\\\/\\\/shoplinila.com\\\/\"},{\"@type\":\"ListItem\",\"position\":2,\"name\":\"Apie mus\"}]},{\"@type\":\"WebSite\",\"@id\":\"https:\\\/\\\/shoplinila.com\\\/#website\",\"url\":\"https:\\\/\\\/shoplinila.com\\\/\",\"name\":\"SHOPLINILA\",\"description\":\"Made in Italy...Made in France...Made in Lithuania\",\"publisher\":{\"@id\":\"https:\\\/\\\/shoplinila.com\\\/#organization\"},\"potentialAction\":[{\"@type\":\"SearchAction\",\"target\":{\"@type\":\"EntryPoint\",\"urlTemplate\":\"https:\\\/\\\/shoplinila.com\\\/?s={search_term_string}\"},\"query-input\":{\"@type\":\"PropertyValueSpecification\",\"valueRequired\":true,\"valueName\":\"search_term_string\"}}],\"inLanguage\":\"lt-LT\"},{\"@type\":\"Organization\",\"@id\":\"https:\\\/\\\/shoplinila.com\\\/#organization\",\"name\":\"SHOPLINILA\",\"url\":\"https:\\\/\\\/shoplinila.com\\\/\",\"logo\":{\"@type\":\"ImageObject\",\"inLanguage\":\"lt-LT\",\"@id\":\"https:\\\/\\\/shoplinila.com\\\/#\\\/schema\\\/logo\\\/image\\\/\",\"url\":\"https:\\\/\\\/shoplinila.com\\\/wp-content\\\/uploads\\\/2021\\\/04\\\/cropped-\u0411\u0435\u0437\u044b\u043c\u044f\u043d\u043d\u044b\u0439-2.png\",\"contentUrl\":\"https:\\\/\\\/shoplinila.com\\\/wp-content\\\/uploads\\\/2021\\\/04\\\/cropped-\u0411\u0435\u0437\u044b\u043c\u044f\u043d\u043d\u044b\u0439-2.png\",\"width\":240,\"height\":184,\"caption\":\"SHOPLINILA\"},\"image\":{\"@id\":\"https:\\\/\\\/shoplinila.com\\\/#\\\/schema\\\/logo\\\/image\\\/\"}}]}<\/script>\n<!-- \/ Yoast SEO plugin. -->","yoast_head_json":{"title":"Apie mus - SHOPLINILA","robots":{"index":"index","follow":"follow","max-snippet":"max-snippet:-1","max-image-preview":"max-image-preview:large","max-video-preview":"max-video-preview:-1"},"canonical":"https:\/\/shoplinila.com\/?page_id=302","og_locale":"lt_LT","og_type":"article","og_title":"Apie mus - SHOPLINILA","og_description":"\u201eLinila\u201c prek\u0117s \u017eenklas buvo atidarytas 2011 m. Mes parduodame gamintoj\u0173 ir platintoj\u0173 i\u0161 Italijos, Pranc\u016bzijos, Lietuvos produktus. Kai kurie produktai gaminami gamyklose Italijoje su \u201eLinila\u201c prek\u0117s \u017eenklu. The Linila brand was opened in 2011. We sell products from manufacturers and distributors from Italy, France, Lithuania. Some of the products are produced in factories in Italy [&hellip;]","og_url":"https:\/\/shoplinila.com\/?page_id=302","og_site_name":"SHOPLINILA","article_modified_time":"2021-02-22T18:23:04+00:00","twitter_card":"summary_large_image","twitter_misc":{"Est. reading time":"1 minut\u0117"},"schema":{"@context":"https:\/\/schema.org","@graph":[{"@type":"WebPage","@id":"https:\/\/shoplinila.com\/?page_id=302","url":"https:\/\/shoplinila.com\/?page_id=302","name":"Apie mus - SHOPLINILA","isPartOf":{"@id":"https:\/\/shoplinila.com\/#website"},"datePublished":"2021-02-22T18:23:03+00:00","dateModified":"2021-02-22T18:23:04+00:00","breadcrumb":{"@id":"https:\/\/shoplinila.com\/?page_id=302#breadcrumb"},"inLanguage":"lt-LT","potentialAction":[{"@type":"ReadAction","target":["https:\/\/shoplinila.com\/?page_id=302"]}]},{"@type":"BreadcrumbList","@id":"https:\/\/shoplinila.com\/?page_id=302#breadcrumb","itemListElement":[{"@type":"ListItem","position":1,"name":"\u0413\u043b\u0430\u0432\u043d\u0430\u044f \u0441\u0442\u0440\u0430\u043d\u0438\u0446\u0430","item":"https:\/\/shoplinila.com\/"},{"@type":"ListItem","position":2,"name":"Apie mus"}]},{"@type":"WebSite","@id":"https:\/\/shoplinila.com\/#website","url":"https:\/\/shoplinila.com\/","name":"SHOPLINILA","description":"Made in Italy...Made in France...Made in Lithuania","publisher":{"@id":"https:\/\/shoplinila.com\/#organization"},"potentialAction":[{"@type":"SearchAction","target":{"@type":"EntryPoint","urlTemplate":"https:\/\/shoplinila.com\/?s={search_term_string}"},"query-input":{"@type":"PropertyValueSpecification","valueRequired":true,"valueName":"search_term_string"}}],"inLanguage":"lt-LT"},{"@type":"Organization","@id":"https:\/\/shoplinila.com\/#organization","name":"SHOPLINILA","url":"https:\/\/shoplinila.com\/","logo":{"@type":"ImageObject","inLanguage":"lt-LT","@id":"https:\/\/shoplinila.com\/#\/schema\/logo\/image\/","url":"https:\/\/shoplinila.com\/wp-content\/uploads\/2021\/04\/cropped-\u0411\u0435\u0437\u044b\u043c\u044f\u043d\u043d\u044b\u0439-2.png","contentUrl":"https:\/\/shoplinila.com\/wp-content\/uploads\/2021\/04\/cropped-\u0411\u0435\u0437\u044b\u043c\u044f\u043d\u043d\u044b\u0439-2.png","width":240,"height":184,"caption":"SHOPLINILA"},"image":{"@id":"https:\/\/shoplinila.com\/#\/schema\/logo\/image\/"}}]}},"_links":{"self":[{"href":"https:\/\/shoplinila.com\/index.php?rest_route=\/wp\/v2\/pages\/302","targetHints":{"allow":["GET"]}}],"collection":[{"href":"https:\/\/shoplinila.com\/index.php?rest_route=\/wp\/v2\/pages"}],"about":[{"href":"https:\/\/shoplinila.com\/index.php?rest_route=\/wp\/v2\/types\/page"}],"author":[{"embeddable":true,"href":"https:\/\/shoplinila.com\/index.php?rest_route=\/wp\/v2\/users\/1"}],"replies":[{"embeddable":true,"href":"https:\/\/shoplinila.com\/index.php?rest_route=%2Fwp%2Fv2%2Fcomments&post=302"}],"version-history":[{"count":3,"href":"https:\/\/shoplinila.com\/index.php?rest_route=\/wp\/v2\/pages\/302\/revisions"}],"predecessor-version":[{"id":305,"href":"https:\/\/shoplinila.com\/index.php?rest_route=\/wp\/v2\/pages\/302\/revisions\/305"}],"wp:attachment":[{"href":"https:\/\/shoplinila.com\/index.php?rest_route=%2Fwp%2Fv2%2Fmedia&parent=302"}],"curies":[{"name":"wp","href":"https:\/\/api.w.org\/{rel}","templated":true}]}}